{"id":5945,"date":"2021-07-18T17:03:41","date_gmt":"2021-07-18T15:03:41","guid":{"rendered":"https:\/\/bazanakrakowskiej.pl\/?page_id=5945"},"modified":"2026-01-03T19:00:25","modified_gmt":"2026-01-03T18:00:25","slug":"oferta-dodatkowa","status":"publish","type":"page","link":"https:\/\/bazanakrakowskiej.pl\/index.php\/oferta-dodatkowa\/","title":{"rendered":"Urodziny i p\u00f3\u0142kolonie"},"content":{"rendered":"[vc_row type=&#8221;in_container&#8221; full_screen_row_position=&#8221;middle&#8221; column_margin=&#8221;default&#8221; column_direction=&#8221;default&#8221; column_direction_tablet=&#8221;default&#8221; column_direction_phone=&#8221;default&#8221; scene_position=&#8221;center&#8221; text_color=&#8221;dark&#8221; text_align=&#8221;left&#8221; row_border_radius=&#8221;none&#8221; row_border_radius_applies=&#8221;bg&#8221; overlay_strength=&#8221;0.3&#8243; gradient_direction=&#8221;left_to_right&#8221; shape_divider_position=&#8221;bottom&#8221; bg_image_animation=&#8221;none&#8221; shape_type=&#8221;&#8221;][vc_column column_padding=&#8221;no-extra-padding&#8221; column_padding_tablet=&#8221;inherit&#8221; column_padding_phone=&#8221;inherit&#8221; column_padding_position=&#8221;all&#8221; column_element_spacing=&#8221;default&#8221; background_color_opacity=&#8221;1&#8243; background_hover_color_opacity=&#8221;1&#8243; column_shadow=&#8221;none&#8221; column_border_radius=&#8221;none&#8221; column_link_target=&#8221;_self&#8221; gradient_direction=&#8221;left_to_right&#8221; overlay_strength=&#8221;0.3&#8243; width=&#8221;1\/3&#8243; tablet_width_inherit=&#8221;default&#8221; tablet_text_alignment=&#8221;default&#8221; phone_text_alignment=&#8221;default&#8221; bg_image_animation=&#8221;none&#8221; border_type=&#8221;simple&#8221; column_border_width=&#8221;none&#8221; column_border_style=&#8221;solid&#8221;][image_with_animation image_url=&#8221;8730&#8243; animation=&#8221;Fade In&#8221; hover_animation=&#8221;none&#8221; alignment=&#8221;&#8221; border_radius=&#8221;none&#8221; box_shadow=&#8221;none&#8221; image_loading=&#8221;default&#8221; max_width=&#8221;100%&#8221; max_width_mobile=&#8221;default&#8221;][\/vc_column][vc_column column_padding=&#8221;no-extra-padding&#8221; column_padding_tablet=&#8221;inherit&#8221; column_padding_phone=&#8221;inherit&#8221; column_padding_position=&#8221;all&#8221; column_element_spacing=&#8221;default&#8221; background_color_opacity=&#8221;1&#8243; background_hover_color_opacity=&#8221;1&#8243; column_shadow=&#8221;none&#8221; column_border_radius=&#8221;none&#8221; column_link_target=&#8221;_self&#8221; gradient_direction=&#8221;left_to_right&#8221; overlay_strength=&#8221;0.3&#8243; width=&#8221;1\/3&#8243; tablet_width_inherit=&#8221;default&#8221; tablet_text_alignment=&#8221;default&#8221; phone_text_alignment=&#8221;default&#8221; bg_image_animation=&#8221;none&#8221; border_type=&#8221;simple&#8221; column_border_width=&#8221;none&#8221; column_border_style=&#8221;solid&#8221;][vc_column_text]\n<p style=\"text-align: center;\"><span style=\"color: #666699; font-size: 14pt;\"><strong>Do wyboru 9 wariant\u00f3w tematycznych\u00a0<\/strong><\/span><\/p>\n<p style=\"text-align: center;\"><a href=\"https:\/\/bazanakrakowskiej.pl\/?page_id=8733&amp;preview=true\"><span style=\"color: #008080;\"> NOWY TEMAT !&gt;&gt;&gt;Podr\u00f3\u017ce ma\u0142e i du\u017ce&lt;&lt;&lt;<\/span><\/a><\/p>\n<p style=\"text-align: center;\"><span style=\"color: #de97d6;\">\u2022<a style=\"color: #de97d6;\" href=\"https:\/\/bazanakrakowskiej.pl\/index.php\/piracki-skarb\/\">Piracki Skarb<\/a><\/span><\/p>\n<p style=\"text-align: center;\"><span style=\"color: #de97d6;\">\u2022<a style=\"color: #de97d6;\" href=\"https:\/\/bazanakrakowskiej.pl\/index.php\/indianska-wioska\/\">India\u0144ska wioska<\/a><\/span><\/p>\n<p style=\"text-align: center;\"><span style=\"color: #de97d6;\">\u2022<a style=\"color: #de97d6;\" href=\"https:\/\/bazanakrakowskiej.pl\/index.php\/na-zamku-ksiezniczki\/\">Na zamku ksi\u0119\u017cniczki<\/a><\/span><\/p>\n<p style=\"text-align: center;\"><span style=\"color: #de97d6;\"><a style=\"color: #de97d6;\" href=\"https:\/\/bazanakrakowskiej.pl\/index.php\/dziewczyny-rzadza\/\">\u2022Dziewczyny rz\u0105dz\u0105!<\/a><\/span><\/p>\n<p style=\"text-align: center;\"><span style=\"color: #de97d6;\"><a style=\"color: #de97d6;\" href=\"https:\/\/bazanakrakowskiej.pl\/index.php\/na-dzikim-zachodzie\/\">\u2022 Na Dzikim Zachodzie<\/a><\/span><\/p>\n<p style=\"text-align: center;\"><span style=\"color: #de97d6;\"><a style=\"color: #de97d6;\" href=\"https:\/\/bazanakrakowskiej.pl\/index.php\/bajkowa-kraina\/\">\u2022 Bajkowa Kraina<\/a><\/span><\/p>\n<p style=\"text-align: center;\"><span style=\"color: #de97d6;\"><a style=\"color: #de97d6;\" href=\"https:\/\/bazanakrakowskiej.pl\/index.php\/pilkarska-ekipa\/\">\u2022 Pi\u0142karska ekipa\u00a0\u00a0<\/a><\/span><\/p>\n<p style=\"text-align: center;\"><span style=\"color: #de97d6;\"><a style=\"color: #de97d6;\" href=\"https:\/\/bazanakrakowskiej.pl\/index.php\/akademia-czarow\/\">\u2022 Akademia czar\u00f3w<\/a><\/span><\/p>\n[\/vc_column_text][\/vc_column][vc_column column_padding=&#8221;no-extra-padding&#8221; column_padding_tablet=&#8221;inherit&#8221; column_padding_phone=&#8221;inherit&#8221; column_padding_position=&#8221;all&#8221; column_element_spacing=&#8221;default&#8221; background_color_opacity=&#8221;1&#8243; background_hover_color_opacity=&#8221;1&#8243; column_shadow=&#8221;none&#8221; column_border_radius=&#8221;none&#8221; column_link_target=&#8221;_self&#8221; gradient_direction=&#8221;left_to_right&#8221; overlay_strength=&#8221;0.3&#8243; width=&#8221;1\/3&#8243; tablet_width_inherit=&#8221;default&#8221; tablet_text_alignment=&#8221;default&#8221; phone_text_alignment=&#8221;default&#8221; bg_image_animation=&#8221;none&#8221; border_type=&#8221;simple&#8221; column_border_width=&#8221;none&#8221; column_border_style=&#8221;solid&#8221;][image_with_animation image_url=&#8221;8731&#8243; animation=&#8221;Fade In&#8221; hover_animation=&#8221;none&#8221; alignment=&#8221;&#8221; border_radius=&#8221;none&#8221; box_shadow=&#8221;none&#8221; image_loading=&#8221;default&#8221; max_width=&#8221;100%&#8221; max_width_mobile=&#8221;default&#8221;][\/vc_column][\/vc_row][vc_row type=&#8221;in_container&#8221; full_screen_row_position=&#8221;middle&#8221; column_margin=&#8221;default&#8221; column_direction=&#8221;default&#8221; column_direction_tablet=&#8221;default&#8221; column_direction_phone=&#8221;default&#8221; scene_position=&#8221;center&#8221; text_color=&#8221;dark&#8221; text_align=&#8221;left&#8221; row_border_radius=&#8221;none&#8221; row_border_radius_applies=&#8221;bg&#8221; overlay_strength=&#8221;0.3&#8243; gradient_direction=&#8221;left_to_right&#8221; shape_divider_position=&#8221;bottom&#8221; bg_image_animation=&#8221;none&#8221;][vc_column column_padding=&#8221;no-extra-padding&#8221; column_padding_tablet=&#8221;inherit&#8221; column_padding_phone=&#8221;inherit&#8221; column_padding_position=&#8221;all&#8221; column_element_spacing=&#8221;default&#8221; background_color_opacity=&#8221;1&#8243; background_hover_color_opacity=&#8221;1&#8243; column_shadow=&#8221;none&#8221; column_border_radius=&#8221;none&#8221; column_link_target=&#8221;_self&#8221; gradient_direction=&#8221;left_to_right&#8221; overlay_strength=&#8221;0.3&#8243; width=&#8221;1\/1&#8243; tablet_width_inherit=&#8221;default&#8221; tablet_text_alignment=&#8221;default&#8221; phone_text_alignment=&#8221;default&#8221; bg_image_animation=&#8221;none&#8221; border_type=&#8221;simple&#8221; column_border_width=&#8221;none&#8221; column_border_style=&#8221;solid&#8221;][vc_column_text]\n<p style=\"text-align: left;\"><span style=\"color: #666699; font-size: 18pt;\"><span style=\"font-family: book antiqua, palatino, serif;\"><b>Zorganizuj w Bazie wymarzone urodzinki Twojego dziecka!\u00a0<\/b><\/span><\/span><\/p>\n<p style=\"text-align: left;\"><span style=\"font-family: 'book antiqua', palatino, serif;\"><strong><span style=\"color: #ff99cc;\">Koszt ju\u017c od 40 z\u0142 od dziecka!\u00a0<\/span><\/p>\n<p><\/strong><\/span>Wi\u0119cej informacji pod nr tel:<span style=\"font-family: 'book antiqua', palatino, serif; color: #666699;\"><strong> <a style=\"color: #666699;\" href=\"tel:731251102\">731 251 102<\/a><\/strong><\/span>[\/vc_column_text][\/vc_column][\/vc_row]\n","protected":false},"excerpt":{"rendered":"<p>[vc_row type=&#8221;in_container&#8221; full_screen_row_position=&#8221;middle&#8221; column_margin=&#8221;default&#8221; column_direction=&#8221;default&#8221; column_direction_tablet=&#8221;default&#8221; column_direction_phone=&#8221;default&#8221; scene_position=&#8221;center&#8221; text_color=&#8221;dark&#8221; text_align=&#8221;left&#8221; row_border_radius=&#8221;none&#8221; row_border_radius_applies=&#8221;bg&#8221; overlay_strength=&#8221;0.3&#8243; gradient_direction=&#8221;left_to_right&#8221; shape_divider_position=&#8221;bottom&#8221;&#8230;<\/p>\n","protected":false},"author":1,"featured_media":0,"parent":0,"menu_order":0,"comment_status":"closed","ping_status":"closed","template":"","meta":{"footnotes":""},"class_list":["post-5945","page","type-page","status-publish"],"jetpack_sharing_enabled":true,"_links":{"self":[{"href":"https:\/\/bazanakrakowskiej.pl\/index.php\/wp-json\/wp\/v2\/pages\/5945","targetHints":{"allow":["GET"]}}],"collection":[{"href":"https:\/\/bazanakrakowskiej.pl\/index.php\/wp-json\/wp\/v2\/pages"}],"about":[{"href":"https:\/\/bazanakrakowskiej.pl\/index.php\/wp-json\/wp\/v2\/types\/page"}],"author":[{"embeddable":true,"href":"https:\/\/bazanakrakowskiej.pl\/index.php\/wp-json\/wp\/v2\/users\/1"}],"replies":[{"embeddable":true,"href":"https:\/\/bazanakrakowskiej.pl\/index.php\/wp-json\/wp\/v2\/comments?post=5945"}],"version-history":[{"count":59,"href":"https:\/\/bazanakrakowskiej.pl\/index.php\/wp-json\/wp\/v2\/pages\/5945\/revisions"}],"predecessor-version":[{"id":8735,"href":"https:\/\/bazanakrakowskiej.pl\/index.php\/wp-json\/wp\/v2\/pages\/5945\/revisions\/8735"}],"wp:attachment":[{"href":"https:\/\/bazanakrakowskiej.pl\/index.php\/wp-json\/wp\/v2\/media?parent=5945"}],"curies":[{"name":"wp","href":"https:\/\/api.w.org\/{rel}","templated":true}]}}