{"id":6284,"date":"2021-09-01T12:14:44","date_gmt":"2021-09-01T10:14:44","guid":{"rendered":"https:\/\/bazanakrakowskiej.pl\/?page_id=6284"},"modified":"2025-08-07T17:41:23","modified_gmt":"2025-08-07T15:41:23","slug":"strefa-rodzica","status":"publish","type":"page","link":"https:\/\/bazanakrakowskiej.pl\/index.php\/strefa-rodzica\/","title":{"rendered":"Strefa rodzica"},"content":{"rendered":"[vc_row type=&#8221;in_container&#8221; full_screen_row_position=&#8221;middle&#8221; column_margin=&#8221;default&#8221; column_direction=&#8221;default&#8221; column_direction_tablet=&#8221;default&#8221; column_direction_phone=&#8221;default&#8221; scene_position=&#8221;center&#8221; text_color=&#8221;dark&#8221; text_align=&#8221;left&#8221; row_border_radius=&#8221;none&#8221; row_border_radius_applies=&#8221;bg&#8221; overlay_strength=&#8221;0.3&#8243; gradient_direction=&#8221;left_to_right&#8221; shape_divider_position=&#8221;bottom&#8221; bg_image_animation=&#8221;none&#8221;][vc_column column_padding=&#8221;no-extra-padding&#8221; column_padding_tablet=&#8221;inherit&#8221; column_padding_phone=&#8221;inherit&#8221; column_padding_position=&#8221;all&#8221; column_element_spacing=&#8221;default&#8221; background_color_opacity=&#8221;1&#8243; background_hover_color_opacity=&#8221;1&#8243; column_shadow=&#8221;none&#8221; column_border_radius=&#8221;none&#8221; column_link_target=&#8221;_self&#8221; gradient_direction=&#8221;left_to_right&#8221; overlay_strength=&#8221;0.3&#8243; width=&#8221;2\/3&#8243; tablet_width_inherit=&#8221;default&#8221; tablet_text_alignment=&#8221;default&#8221; phone_text_alignment=&#8221;default&#8221; bg_image_animation=&#8221;none&#8221; border_type=&#8221;simple&#8221; column_border_width=&#8221;none&#8221; column_border_style=&#8221;solid&#8221;][vc_column_text]\n<h4><strong>Dla dziecka- wiadomo. Ale co dla Ciebie?<\/strong><\/h4>\n<p>To miejsce powsta\u0142o po to, aby\u015b m\u00f3g\u0142 Drogi Rodzicu bez wyrzut\u00f3w sumienia zaj\u0105\u0107 si\u0119 na chwil\u0119 swoimi sprawami i zostawi\u0107 dziecko pod nasz\u0105 opiek\u0105.<\/p>\n<h4><strong>Kawka z mleczkiem<\/strong><\/h4>\n<p>Spotkania dla mam karmi\u0105cych. Pogadamy nie tylko o dzieciach;) -&gt; wi\u0119cej informacji pod tym linkiem:<span style=\"color: #33cccc;\"> <strong><a style=\"color: #33cccc;\" href=\"https:\/\/bazanakrakowskiej.pl\/index.php\/kawka-z-mleczkiem\/\">Kawka z Mleczkiem!<\/a><\/strong><\/span><\/p>\n<h4><span style=\"color: #000000;\"><strong>A mo\u017ce co\u015b extra?<\/strong><\/span><\/h4>\n<p>Co powiesz na kurs ta\u0144ca, zaj\u0119cia kulinarne albo nauk\u0119 rysunku? Warsztaty i szkolenia, kt\u00f3re proponujemy w Bazie daj\u0105 szans\u0119 na rozwijanie zainteresowa\u0144 i integracj\u0119 lokalnej spo\u0142eczno\u015bci.<\/p>\n<p>Nasze propozycje dla Ciebie :<\/p>\n<ul>\n<li><span style=\"color: #33cccc;\"><a style=\"color: #33cccc;\" href=\"https:\/\/bazanakrakowskiej.pl\/index.php\/fitness\/\">Zaj\u0119cia fitness<\/a><\/span><\/li>\n<li><span style=\"color: #33cccc;\"><a style=\"color: #33cccc;\" href=\"https:\/\/bazanakrakowskiej.pl\/index.php\/warsztaty-kulinarne\/\">Korepetycje z warzyw- warsztaty kulinarne<\/a><\/span><\/li>\n<li><span style=\"color: #33cccc;\"><a style=\"color: #33cccc;\" href=\"https:\/\/bazanakrakowskiej.pl\/index.php\/latino-ladies-style\/\">Latino Ladies Style- kurs ta\u0144ca dla kobiet<\/a><\/span><\/li>\n<\/ul>\n[\/vc_column_text][\/vc_column][vc_column column_padding=&#8221;no-extra-padding&#8221; column_padding_tablet=&#8221;inherit&#8221; column_padding_phone=&#8221;inherit&#8221; column_padding_position=&#8221;all&#8221; column_element_spacing=&#8221;default&#8221; background_color_opacity=&#8221;1&#8243; background_hover_color_opacity=&#8221;1&#8243; column_shadow=&#8221;none&#8221; column_border_radius=&#8221;none&#8221; column_link_target=&#8221;_self&#8221; gradient_direction=&#8221;left_to_right&#8221; overlay_strength=&#8221;0.3&#8243; width=&#8221;1\/3&#8243; tablet_width_inherit=&#8221;default&#8221; tablet_text_alignment=&#8221;default&#8221; phone_text_alignment=&#8221;default&#8221; bg_image_animation=&#8221;none&#8221; border_type=&#8221;simple&#8221; column_border_width=&#8221;none&#8221; column_border_style=&#8221;solid&#8221;][image_with_animation image_url=&#8221;6270&#8243; animation=&#8221;Fade In&#8221; hover_animation=&#8221;none&#8221; alignment=&#8221;&#8221; border_radius=&#8221;none&#8221; box_shadow=&#8221;none&#8221; image_loading=&#8221;default&#8221; max_width=&#8221;100%&#8221; max_width_mobile=&#8221;default&#8221;][\/vc_column][\/vc_row][vc_row type=&#8221;in_container&#8221; full_screen_row_position=&#8221;middle&#8221; column_margin=&#8221;default&#8221; column_direction=&#8221;default&#8221; column_direction_tablet=&#8221;default&#8221; column_direction_phone=&#8221;default&#8221; scene_position=&#8221;center&#8221; text_color=&#8221;dark&#8221; text_align=&#8221;left&#8221; row_border_radius=&#8221;none&#8221; row_border_radius_applies=&#8221;bg&#8221; overlay_strength=&#8221;0.3&#8243; gradient_direction=&#8221;left_to_right&#8221; shape_divider_position=&#8221;bottom&#8221; bg_image_animation=&#8221;none&#8221;][vc_column column_padding=&#8221;no-extra-padding&#8221; column_padding_tablet=&#8221;inherit&#8221; column_padding_phone=&#8221;inherit&#8221; column_padding_position=&#8221;all&#8221; column_element_spacing=&#8221;default&#8221; background_color_opacity=&#8221;1&#8243; background_hover_color_opacity=&#8221;1&#8243; column_shadow=&#8221;none&#8221; column_border_radius=&#8221;none&#8221; column_link_target=&#8221;_self&#8221; gradient_direction=&#8221;left_to_right&#8221; overlay_strength=&#8221;0.3&#8243; width=&#8221;1\/1&#8243; tablet_width_inherit=&#8221;default&#8221; tablet_text_alignment=&#8221;default&#8221; phone_text_alignment=&#8221;default&#8221; bg_image_animation=&#8221;none&#8221; border_type=&#8221;simple&#8221; column_border_width=&#8221;none&#8221; column_border_style=&#8221;solid&#8221;][vc_column_text]<strong><span style=\"color: #ffcc99;\">WA\u017bNE!<br \/>\n<\/span><\/strong>Oferta zaj\u0119\u0107 i warsztat\u00f3w dla poszczeg\u00f3lnych grup wiekowych b\u0119dzie ukazywa\u0107 si\u0119 w <span style=\"color: #33cccc;\"><strong>aktualno\u015bciach<\/strong> <\/span>i <strong><span style=\"color: #ffcc99;\"><a style=\"color: #ffcc99;\" href=\"https:\/\/bazanakrakowskiej.pl\/index.php\/grafik-zajec\/\">grafiku zaj\u0119\u0107<\/a><\/span>.<\/strong>[\/vc_column_text][\/vc_column][\/vc_row]\n","protected":false},"excerpt":{"rendered":"<p>[vc_row type=&#8221;in_container&#8221; full_screen_row_position=&#8221;middle&#8221; column_margin=&#8221;default&#8221; column_direction=&#8221;default&#8221; column_direction_tablet=&#8221;default&#8221; column_direction_phone=&#8221;default&#8221; scene_position=&#8221;center&#8221; text_color=&#8221;dark&#8221; text_align=&#8221;left&#8221; row_border_radius=&#8221;none&#8221; row_border_radius_applies=&#8221;bg&#8221; overlay_strength=&#8221;0.3&#8243; gradient_direction=&#8221;left_to_right&#8221; shape_divider_position=&#8221;bottom&#8221;&#8230;<\/p>\n","protected":false},"author":1,"featured_media":0,"parent":0,"menu_order":0,"comment_status":"closed","ping_status":"closed","template":"","meta":{"footnotes":""},"class_list":["post-6284","page","type-page","status-publish"],"jetpack_sharing_enabled":true,"_links":{"self":[{"href":"https:\/\/bazanakrakowskiej.pl\/index.php\/wp-json\/wp\/v2\/pages\/6284","targetHints":{"allow":["GET"]}}],"collection":[{"href":"https:\/\/bazanakrakowskiej.pl\/index.php\/wp-json\/wp\/v2\/pages"}],"about":[{"href":"https:\/\/bazanakrakowskiej.pl\/index.php\/wp-json\/wp\/v2\/types\/page"}],"author":[{"embeddable":true,"href":"https:\/\/bazanakrakowskiej.pl\/index.php\/wp-json\/wp\/v2\/users\/1"}],"replies":[{"embeddable":true,"href":"https:\/\/bazanakrakowskiej.pl\/index.php\/wp-json\/wp\/v2\/comments?post=6284"}],"version-history":[{"count":10,"href":"https:\/\/bazanakrakowskiej.pl\/index.php\/wp-json\/wp\/v2\/pages\/6284\/revisions"}],"predecessor-version":[{"id":8578,"href":"https:\/\/bazanakrakowskiej.pl\/index.php\/wp-json\/wp\/v2\/pages\/6284\/revisions\/8578"}],"wp:attachment":[{"href":"https:\/\/bazanakrakowskiej.pl\/index.php\/wp-json\/wp\/v2\/media?parent=6284"}],"curies":[{"name":"wp","href":"https:\/\/api.w.org\/{rel}","templated":true}]}}