{"id":7945,"date":"2024-08-19T15:00:06","date_gmt":"2024-08-19T13:00:06","guid":{"rendered":"https:\/\/bazanakrakowskiej.pl\/?page_id=7945"},"modified":"2024-08-27T18:49:12","modified_gmt":"2024-08-27T16:49:12","slug":"warsztaty-kulinarne","status":"publish","type":"page","link":"https:\/\/bazanakrakowskiej.pl\/index.php\/warsztaty-kulinarne\/","title":{"rendered":"Korepetycje z warzyw- warsztaty kulinarne"},"content":{"rendered":"[vc_row type=&#8221;in_container&#8221; full_screen_row_position=&#8221;middle&#8221; column_margin=&#8221;default&#8221; column_direction=&#8221;default&#8221; column_direction_tablet=&#8221;default&#8221; column_direction_phone=&#8221;default&#8221; scene_position=&#8221;center&#8221; text_color=&#8221;dark&#8221; text_align=&#8221;left&#8221; row_border_radius=&#8221;none&#8221; row_border_radius_applies=&#8221;bg&#8221; overlay_strength=&#8221;0.3&#8243; gradient_direction=&#8221;left_to_right&#8221; shape_divider_position=&#8221;bottom&#8221; bg_image_animation=&#8221;none&#8221;][vc_column column_padding=&#8221;no-extra-padding&#8221; column_padding_tablet=&#8221;inherit&#8221; column_padding_phone=&#8221;inherit&#8221; column_padding_position=&#8221;all&#8221; column_element_spacing=&#8221;default&#8221; background_color_opacity=&#8221;1&#8243; background_hover_color_opacity=&#8221;1&#8243; column_shadow=&#8221;none&#8221; column_border_radius=&#8221;none&#8221; column_link_target=&#8221;_self&#8221; gradient_direction=&#8221;left_to_right&#8221; overlay_strength=&#8221;0.3&#8243; width=&#8221;2\/3&#8243; tablet_width_inherit=&#8221;default&#8221; tablet_text_alignment=&#8221;default&#8221; phone_text_alignment=&#8221;default&#8221; bg_image_animation=&#8221;none&#8221; border_type=&#8221;simple&#8221; column_border_width=&#8221;none&#8221; column_border_style=&#8221;solid&#8221;][vc_column_text]<strong>Warsztaty kulinarne KOREPETYCJE Z WARZYW<\/strong><\/p>\n<p>Plan warsztat\u00f3w Korepetycji z Warzyw jest prosty: wsp\u00f3lnie gotujemy i wsp\u00f3lnie jemy przygotowany posi\u0142ek. Wszystko w mi\u0142ej, pe\u0142nej \u015bmiechu i swobodnej atmosferze.<\/p>\n<p>Najlepiej opowie o nich sama prowadz\u0105ca Gosia Grabowska- Fluder:<\/p>\n<p><em>&#8222;Lubi\u0119 gotowa\u0107, karmi\u0107 i dzieli\u0107 si\u0119 z innymi DOBREM.<\/em><br \/>\n<em>Pokazuj\u0119, \u017ce warto je\u015b\u0107 sezonowo, si\u0119ga\u0107 po lokalne sk\u0142adniki, \u017ce proste gotowanie mo\u017ce by\u0107 przyjemno\u015bci\u0105, a dzi\u0119ki jako\u015bciowym sk\u0142adnikom jedzenie mo\u017ce sta\u0107 si\u0119 lekarstwem i od\u017cywia\u0107 cia\u0142o i ducha.\u00a0<\/em><\/p>\n<div><em>Lubi\u0119 si\u0119 uczy\u0107 i lubi\u0119 do\u015bwiadcza\u0107.<\/em><\/div>\n<div><em>Troch\u0119 kreowa\u0107, pr\u00f3bowa\u0107 i wyci\u0105ga\u0107 wnioski z kulinarnych wpadek.<\/em><\/div>\n<div><em>Wykorzystuj\u0119 to co mam, nie lubi\u0119 marnowa\u0107 jedzenia, sznanuj\u0119 prostot\u0119.\u00a0<\/em><\/div>\n<div><em>Ciesz\u0119 si\u0119 je\u017celi kogo\u015b zainspiruj\u0119, podsun\u0119 pomys\u0142 i jak przepisy z warsztat\u00f3w \u017cyj\u0105 w Waszych domach.&#8221;<\/em><\/div>\n<div><\/div>\n<div>\n<p>Gosia zawodowo jest pedagogiem szkolnym, terapeut\u0105 pedagogicznym i socjoterapeut\u0105.<\/p>\n<div>Uczestniczy\u0142a w\u00a0 licznych warsztatach kulinarnych<\/div>\n<div>Wsp\u00f3\u0142pracowa\u0142amz Fundacj\u0105 &#8222;Szko\u0142a na Widelcu&#8221; oraz konsultowa\u0142a metodycznie na poziomie edukacyjnym program psychodietetyczny K.Wojtkowskiej i J.Barli\u0144skiej &#8222;Uwa\u017cne jedzenie&#8221;.<\/div>\n<div>Prywatnie mama wspania\u0142ej dw\u00f3jki, \u017cona, w\u0142a\u015bcicielka jrt, lubi\u0105ca natur\u0119 i spacery pe\u0142ne uwa\u017cno\u015bci.<\/div>\n<\/div>\n<div><strong><br \/>\nSzczeg\u00f3\u0142y i zapisy bezpo\u015brednio u Gosi pod nr tel. 500565030<\/strong><\/div>\n<div>\n<div><strong>Daty warsztat\u00f3w b\u0119d\u0105 podawane na bie\u017c\u0105co\u00a0\u263a\ufe0f<\/strong><\/div>\n<\/div>\n[\/vc_column_text][\/vc_column][vc_column column_padding=&#8221;no-extra-padding&#8221; column_padding_tablet=&#8221;inherit&#8221; column_padding_phone=&#8221;inherit&#8221; column_padding_position=&#8221;all&#8221; column_element_spacing=&#8221;default&#8221; background_color_opacity=&#8221;1&#8243; background_hover_color_opacity=&#8221;1&#8243; column_shadow=&#8221;none&#8221; column_border_radius=&#8221;none&#8221; column_link_target=&#8221;_self&#8221; gradient_direction=&#8221;left_to_right&#8221; overlay_strength=&#8221;0.3&#8243; width=&#8221;1\/3&#8243; tablet_width_inherit=&#8221;default&#8221; tablet_text_alignment=&#8221;default&#8221; phone_text_alignment=&#8221;default&#8221; bg_image_animation=&#8221;none&#8221; border_type=&#8221;simple&#8221; column_border_width=&#8221;none&#8221; column_border_style=&#8221;solid&#8221;][image_with_animation image_url=&#8221;7995&#8243; animation=&#8221;Fade In&#8221; hover_animation=&#8221;none&#8221; alignment=&#8221;&#8221; border_radius=&#8221;none&#8221; box_shadow=&#8221;none&#8221; image_loading=&#8221;default&#8221; max_width=&#8221;100%&#8221; max_width_mobile=&#8221;default&#8221;][\/vc_column][\/vc_row][vc_row type=&#8221;in_container&#8221; full_screen_row_position=&#8221;middle&#8221; column_margin=&#8221;default&#8221; column_direction=&#8221;default&#8221; column_direction_tablet=&#8221;default&#8221; column_direction_phone=&#8221;default&#8221; scene_position=&#8221;center&#8221; text_color=&#8221;dark&#8221; text_align=&#8221;left&#8221; row_border_radius=&#8221;none&#8221; row_border_radius_applies=&#8221;bg&#8221; overlay_strength=&#8221;0.3&#8243; gradient_direction=&#8221;left_to_right&#8221; shape_divider_position=&#8221;bottom&#8221; bg_image_animation=&#8221;none&#8221;][vc_column column_padding=&#8221;no-extra-padding&#8221; column_padding_tablet=&#8221;inherit&#8221; column_padding_phone=&#8221;inherit&#8221; column_padding_position=&#8221;all&#8221; column_element_spacing=&#8221;default&#8221; background_color_opacity=&#8221;1&#8243; background_hover_color_opacity=&#8221;1&#8243; column_shadow=&#8221;none&#8221; column_border_radius=&#8221;none&#8221; column_link_target=&#8221;_self&#8221; gradient_direction=&#8221;left_to_right&#8221; overlay_strength=&#8221;0.3&#8243; width=&#8221;1\/1&#8243; tablet_width_inherit=&#8221;default&#8221; tablet_text_alignment=&#8221;default&#8221; phone_text_alignment=&#8221;default&#8221; bg_image_animation=&#8221;none&#8221; border_type=&#8221;simple&#8221; column_border_width=&#8221;none&#8221; column_border_style=&#8221;solid&#8221;][vc_gallery type=&#8221;image_grid&#8221; images=&#8221;7996,7997,7999,8000&#8243; image_grid_loading=&#8221;default&#8221; layout=&#8221;4&#8243; item_spacing=&#8221;default&#8221; gallery_style=&#8221;7&#8243; load_in_animation=&#8221;none&#8221;][\/vc_column][\/vc_row]\n","protected":false},"excerpt":{"rendered":"<p>[vc_row type=&#8221;in_container&#8221; full_screen_row_position=&#8221;middle&#8221; column_margin=&#8221;default&#8221; column_direction=&#8221;default&#8221; column_direction_tablet=&#8221;default&#8221; column_direction_phone=&#8221;default&#8221; scene_position=&#8221;center&#8221; text_color=&#8221;dark&#8221; text_align=&#8221;left&#8221; row_border_radius=&#8221;none&#8221; row_border_radius_applies=&#8221;bg&#8221; overlay_strength=&#8221;0.3&#8243; gradient_direction=&#8221;left_to_right&#8221; shape_divider_position=&#8221;bottom&#8221;&#8230;<\/p>\n","protected":false},"author":1,"featured_media":0,"parent":0,"menu_order":0,"comment_status":"closed","ping_status":"closed","template":"","meta":{"footnotes":""},"class_list":["post-7945","page","type-page","status-publish"],"jetpack_sharing_enabled":true,"_links":{"self":[{"href":"https:\/\/bazanakrakowskiej.pl\/index.php\/wp-json\/wp\/v2\/pages\/7945","targetHints":{"allow":["GET"]}}],"collection":[{"href":"https:\/\/bazanakrakowskiej.pl\/index.php\/wp-json\/wp\/v2\/pages"}],"about":[{"href":"https:\/\/bazanakrakowskiej.pl\/index.php\/wp-json\/wp\/v2\/types\/page"}],"author":[{"embeddable":true,"href":"https:\/\/bazanakrakowskiej.pl\/index.php\/wp-json\/wp\/v2\/users\/1"}],"replies":[{"embeddable":true,"href":"https:\/\/bazanakrakowskiej.pl\/index.php\/wp-json\/wp\/v2\/comments?post=7945"}],"version-history":[{"count":5,"href":"https:\/\/bazanakrakowskiej.pl\/index.php\/wp-json\/wp\/v2\/pages\/7945\/revisions"}],"predecessor-version":[{"id":8056,"href":"https:\/\/bazanakrakowskiej.pl\/index.php\/wp-json\/wp\/v2\/pages\/7945\/revisions\/8056"}],"wp:attachment":[{"href":"https:\/\/bazanakrakowskiej.pl\/index.php\/wp-json\/wp\/v2\/media?parent=7945"}],"curies":[{"name":"wp","href":"https:\/\/api.w.org\/{rel}","templated":true}]}}